{"id":2639,"date":"2023-03-22T15:15:43","date_gmt":"2023-03-22T15:15:43","guid":{"rendered":"https:\/\/chafiafood.com\/zakariatech\/?post_type=product&#038;p=2639"},"modified":"2023-03-22T15:17:58","modified_gmt":"2023-03-22T15:17:58","slug":"wd-purple-sc-qd101-ultra-endurance-microsd-card-32gb","status":"publish","type":"product","link":"https:\/\/chafiafood.com\/zakariatech\/product\/wd-purple-sc-qd101-ultra-endurance-microsd-card-32gb\/","title":{"rendered":"WD Purple SC QD101 Ultra Endurance microSD Card 32GB"},"content":{"rendered":"","protected":false},"excerpt":{"rendered":"<p>Les cartes microSD WD Purple gardent vos donn\u00e9es en vue.<\/p>\n<div class=\"inheritPara mb-4\">\n<p>La carte microSD WD Purple SC QD101 de Western Digital est con\u00e7ue sp\u00e9cifiquement pour le march\u00e9 des cam\u00e9ras de s\u00e9curit\u00e9 grand public.\u00a0Utilisant la technologie NAND 3D avanc\u00e9e \u00e0 96 couches, la carte offre une combinaison rentable d&rsquo;ultra-endurance, de hautes performances et d&rsquo;une large plage de capacit\u00e9 jusqu&rsquo;\u00e0 1 To 1\u00a0<a class=\"disclosure\" href=\"https:\/\/www.westerndigital.com\/products\/memory-cards\/wd-purple-microsd#disclosures1\" target=\"_self\" rel=\"noopener\" aria-describedby=\"disclosures\"><sup>,<\/sup><\/a>\u00a0et sa prise en charge de la fonctionnalit\u00e9 de surveillance de l&rsquo;\u00e9tat de la carte permet une gestion pr\u00e9ventive du stockage.\u00a0Avec la croissance rapide du march\u00e9 des cam\u00e9ras de s\u00e9curit\u00e9 et l&rsquo;adoption croissante de la vid\u00e9o 4K, cette carte offre la bonne combinaison de long\u00e9vit\u00e9 et de capacit\u00e9 pour g\u00e9rer la charge de travail d&rsquo;enregistrement continu 24h\/24 et 7j\/7.\u00a0Faites confiance \u00e0 Western Digital pour fournir WD Purple, le stockage microSD id\u00e9al pour les cam\u00e9ras vid\u00e9o de s\u00e9curit\u00e9 et les appareils p\u00e9riph\u00e9riques.<\/p>\n<\/div>\n","protected":false},"featured_media":2640,"template":"","meta":[],"product_cat":[130],"product_tag":[],"class_list":["post-2639","product","type-product","status-publish","has-post-thumbnail","hentry","product_cat-stockage"],"_links":{"self":[{"href":"https:\/\/chafiafood.com\/zakariatech\/wp-json\/wp\/v2\/product\/2639","targetHints":{"allow":["GET"]}}],"collection":[{"href":"https:\/\/chafiafood.com\/zakariatech\/wp-json\/wp\/v2\/product"}],"about":[{"href":"https:\/\/chafiafood.com\/zakariatech\/wp-json\/wp\/v2\/types\/product"}],"wp:featuredmedia":[{"embeddable":true,"href":"https:\/\/chafiafood.com\/zakariatech\/wp-json\/wp\/v2\/media\/2640"}],"wp:attachment":[{"href":"https:\/\/chafiafood.com\/zakariatech\/wp-json\/wp\/v2\/media?parent=2639"}],"wp:term":[{"taxonomy":"product_cat","embeddable":true,"href":"https:\/\/chafiafood.com\/zakariatech\/wp-json\/wp\/v2\/product_cat?post=2639"},{"taxonomy":"product_tag","embeddable":true,"href":"https:\/\/chafiafood.com\/zakariatech\/wp-json\/wp\/v2\/product_tag?post=2639"}],"curies":[{"name":"wp","href":"https:\/\/api.w.org\/{rel}","templated":true}]}}