{"id":2637,"date":"2023-03-22T15:13:48","date_gmt":"2023-03-22T15:13:48","guid":{"rendered":"https:\/\/chafiafood.com\/zakariatech\/?post_type=product&#038;p=2637"},"modified":"2023-03-22T15:15:27","modified_gmt":"2023-03-22T15:15:27","slug":"disque-dur-de-surveillance-wd-purple-4tb","status":"publish","type":"product","link":"https:\/\/chafiafood.com\/zakariatech\/product\/disque-dur-de-surveillance-wd-purple-4tb\/","title":{"rendered":"Disque dur de surveillance WD Purple 4TB"},"content":{"rendered":"","protected":false},"excerpt":{"rendered":"<p><span>Les disques WD Purple sont con\u00e7us pour relever les d\u00e9fis de l&rsquo;enregistrement de vid\u00e9osurveillance 24h\/24 et 7j\/7.\u00a0<\/span><span>Ces disques sont sp\u00e9cialement con\u00e7us pour la surveillance afin de r\u00e9sister aux fortes fluctuations de chaleur et aux vibrations de l&rsquo;\u00e9quipement dans les environnements NVR.\u00a0<\/span><span>Un disque de bureau moyen est con\u00e7u pour ne fonctionner que pendant de courts intervalles, et non dans l&rsquo;environnement difficile 24h\/24 et 7j\/7 d&rsquo;un syst\u00e8me de surveillance haute d\u00e9finition.\u00a0<\/span><span>Avec les disques WD Purple, vous b\u00e9n\u00e9ficiez d&rsquo;un stockage fiable de classe surveillance dont la compatibilit\u00e9 a \u00e9t\u00e9 test\u00e9e dans une large gamme de syst\u00e8mes de s\u00e9curit\u00e9.\u00a0<\/span><span>La technologie exclusive AllFrame&#x2122; permet de r\u00e9duire la perte d&rsquo;images et d&rsquo;am\u00e9liorer la lecture vid\u00e9o globale.<\/span><\/p>\n","protected":false},"featured_media":2638,"template":"","meta":[],"product_cat":[130],"product_tag":[],"class_list":["post-2637","product","type-product","status-publish","has-post-thumbnail","hentry","product_cat-stockage"],"_links":{"self":[{"href":"https:\/\/chafiafood.com\/zakariatech\/wp-json\/wp\/v2\/product\/2637","targetHints":{"allow":["GET"]}}],"collection":[{"href":"https:\/\/chafiafood.com\/zakariatech\/wp-json\/wp\/v2\/product"}],"about":[{"href":"https:\/\/chafiafood.com\/zakariatech\/wp-json\/wp\/v2\/types\/product"}],"wp:featuredmedia":[{"embeddable":true,"href":"https:\/\/chafiafood.com\/zakariatech\/wp-json\/wp\/v2\/media\/2638"}],"wp:attachment":[{"href":"https:\/\/chafiafood.com\/zakariatech\/wp-json\/wp\/v2\/media?parent=2637"}],"wp:term":[{"taxonomy":"product_cat","embeddable":true,"href":"https:\/\/chafiafood.com\/zakariatech\/wp-json\/wp\/v2\/product_cat?post=2637"},{"taxonomy":"product_tag","embeddable":true,"href":"https:\/\/chafiafood.com\/zakariatech\/wp-json\/wp\/v2\/product_tag?post=2637"}],"curies":[{"name":"wp","href":"https:\/\/api.w.org\/{rel}","templated":true}]}}