{"id":2635,"date":"2023-03-22T15:10:01","date_gmt":"2023-03-22T15:10:01","guid":{"rendered":"https:\/\/chafiafood.com\/zakariatech\/?post_type=product&#038;p=2635"},"modified":"2023-03-22T15:13:40","modified_gmt":"2023-03-22T15:13:40","slug":"wd-purple-pro-smart-video-8gb","status":"publish","type":"product","link":"https:\/\/chafiafood.com\/zakariatech\/product\/wd-purple-pro-smart-video-8gb\/","title":{"rendered":"WD Purple Pro Smart Video 8TB"},"content":{"rendered":"","protected":false},"excerpt":{"rendered":"<p>Les disques WD Purple Pro sont con\u00e7us pour les enregistreurs avanc\u00e9s compatibles avec l&rsquo;IA, les serveurs d&rsquo;analyse vid\u00e9o et les solutions d&rsquo;apprentissage en profondeur n\u00e9cessitant une capacit\u00e9, des performances et une capacit\u00e9 de charge de travail suppl\u00e9mentaires.<\/p>\n","protected":false},"featured_media":2636,"template":"","meta":[],"product_cat":[130],"product_tag":[],"class_list":["post-2635","product","type-product","status-publish","has-post-thumbnail","hentry","product_cat-stockage"],"_links":{"self":[{"href":"https:\/\/chafiafood.com\/zakariatech\/wp-json\/wp\/v2\/product\/2635","targetHints":{"allow":["GET"]}}],"collection":[{"href":"https:\/\/chafiafood.com\/zakariatech\/wp-json\/wp\/v2\/product"}],"about":[{"href":"https:\/\/chafiafood.com\/zakariatech\/wp-json\/wp\/v2\/types\/product"}],"wp:featuredmedia":[{"embeddable":true,"href":"https:\/\/chafiafood.com\/zakariatech\/wp-json\/wp\/v2\/media\/2636"}],"wp:attachment":[{"href":"https:\/\/chafiafood.com\/zakariatech\/wp-json\/wp\/v2\/media?parent=2635"}],"wp:term":[{"taxonomy":"product_cat","embeddable":true,"href":"https:\/\/chafiafood.com\/zakariatech\/wp-json\/wp\/v2\/product_cat?post=2635"},{"taxonomy":"product_tag","embeddable":true,"href":"https:\/\/chafiafood.com\/zakariatech\/wp-json\/wp\/v2\/product_tag?post=2635"}],"curies":[{"name":"wp","href":"https:\/\/api.w.org\/{rel}","templated":true}]}}