{"id":2631,"date":"2023-03-22T13:53:05","date_gmt":"2023-03-22T13:53:05","guid":{"rendered":"https:\/\/chafiafood.com\/zakariatech\/?post_type=product&#038;p=2631"},"modified":"2023-03-22T15:03:37","modified_gmt":"2023-03-22T15:03:37","slug":"xvr4116hs-i","status":"publish","type":"product","link":"https:\/\/chafiafood.com\/zakariatech\/product\/xvr4116hs-i\/","title":{"rendered":"XVR4116HS-I"},"content":{"rendered":"","protected":false},"excerpt":{"rendered":"<p class=\"text\" data-v-393df75a=\"\" data-gtm-vis-recent-on-screen-10552706_181=\"1459992\" data-gtm-vis-first-on-screen-10552706_181=\"1459992\" data-gtm-vis-total-visible-time-10552706_181=\"100\" data-gtm-vis-has-fired-10552706_181=\"1\" data-gtm-vis-recent-on-screen-10552706_184=\"1460017\" data-gtm-vis-first-on-screen-10552706_184=\"1460017\" data-gtm-vis-total-visible-time-10552706_184=\"100\" data-gtm-vis-has-fired-10552706_184=\"1\" data-gtm-vis-recent-on-screen-10552706_192=\"1460025\" data-gtm-vis-first-on-screen-10552706_192=\"1460025\" data-gtm-vis-total-visible-time-10552706_192=\"100\" data-gtm-vis-has-fired-10552706_192=\"1\" data-gtm-vis-recent-on-screen-10552706_193=\"1460040\" data-gtm-vis-first-on-screen-10552706_193=\"1460040\" data-gtm-vis-total-visible-time-10552706_193=\"100\" data-gtm-vis-has-fired-10552706_193=\"1\" data-gtm-vis-recent-on-screen-10552706_194=\"1460047\" data-gtm-vis-first-on-screen-10552706_194=\"1460047\" data-gtm-vis-total-visible-time-10552706_194=\"100\" data-gtm-vis-has-fired-10552706_194=\"1\" data-gtm-vis-recent-on-screen-10552706_195=\"1460051\" data-gtm-vis-first-on-screen-10552706_195=\"1460051\" data-gtm-vis-total-visible-time-10552706_195=\"100\" data-gtm-vis-has-fired-10552706_195=\"1\" data-gtm-vis-recent-on-screen-10552706_196=\"1460053\" data-gtm-vis-first-on-screen-10552706_196=\"1460053\" data-gtm-vis-total-visible-time-10552706_196=\"100\" data-gtm-vis-has-fired-10552706_196=\"1\" data-gtm-vis-recent-on-screen-10552706_217=\"1460059\" data-gtm-vis-first-on-screen-10552706_217=\"1460059\" data-gtm-vis-total-visible-time-10552706_217=\"100\" data-gtm-vis-has-fired-10552706_217=\"1\"><span>16 Canaux Penta-brid 720P Compact 1U 1HDD WizSense Enregistreur Vid\u00e9o Num\u00e9rique<\/span><\/p>\n<div data-v-393df75a=\"\">\n<ul>\n<li data-gtm-vis-has-fired-10552706_181=\"1\" data-gtm-vis-recent-on-screen-10552706_184=\"1460018\" data-gtm-vis-first-on-screen-10552706_184=\"1460018\" data-gtm-vis-total-visible-time-10552706_184=\"100\" data-gtm-vis-has-fired-10552706_184=\"1\" data-gtm-vis-recent-on-screen-10552706_192=\"1460025\" data-gtm-vis-first-on-screen-10552706_192=\"1460025\" data-gtm-vis-total-visible-time-10552706_192=\"100\" data-gtm-vis-has-fired-10552706_192=\"1\" data-gtm-vis-recent-on-screen-10552706_193=\"1460041\" data-gtm-vis-first-on-screen-10552706_193=\"1460041\" data-gtm-vis-total-visible-time-10552706_193=\"100\" data-gtm-vis-has-fired-10552706_193=\"1\" data-gtm-vis-recent-on-screen-10552706_194=\"1460047\" data-gtm-vis-first-on-screen-10552706_194=\"1460047\" data-gtm-vis-total-visible-time-10552706_194=\"100\" data-gtm-vis-has-fired-10552706_194=\"1\" data-gtm-vis-has-fired-10552706_195=\"1\" data-gtm-vis-recent-on-screen-10552706_196=\"1460054\" data-gtm-vis-first-on-screen-10552706_196=\"1460054\" data-gtm-vis-total-visible-time-10552706_196=\"100\" data-gtm-vis-has-fired-10552706_196=\"1\" data-gtm-vis-recent-on-screen-10552706_217=\"1460059\" data-gtm-vis-first-on-screen-10552706_217=\"1460059\" data-gtm-vis-total-visible-time-10552706_217=\"100\" data-gtm-vis-has-fired-10552706_217=\"1\"><span>Compression vid\u00e9o H.265+\/H.265<\/span><\/li>\n<li data-gtm-vis-has-fired-10552706_181=\"1\" data-gtm-vis-recent-on-screen-10552706_184=\"1460018\" data-gtm-vis-first-on-screen-10552706_184=\"1460018\" data-gtm-vis-total-visible-time-10552706_184=\"100\" data-gtm-vis-has-fired-10552706_184=\"1\" data-gtm-vis-recent-on-screen-10552706_192=\"1460026\" data-gtm-vis-first-on-screen-10552706_192=\"1460026\" data-gtm-vis-total-visible-time-10552706_192=\"100\" data-gtm-vis-has-fired-10552706_192=\"1\" data-gtm-vis-recent-on-screen-10552706_193=\"1460041\" data-gtm-vis-first-on-screen-10552706_193=\"1460041\" data-gtm-vis-total-visible-time-10552706_193=\"100\" data-gtm-vis-has-fired-10552706_193=\"1\" data-gtm-vis-recent-on-screen-10552706_194=\"1460048\" data-gtm-vis-first-on-screen-10552706_194=\"1460048\" data-gtm-vis-total-visible-time-10552706_194=\"100\" data-gtm-vis-has-fired-10552706_194=\"1\" data-gtm-vis-has-fired-10552706_195=\"1\" data-gtm-vis-recent-on-screen-10552706_196=\"1460054\" data-gtm-vis-first-on-screen-10552706_196=\"1460054\" data-gtm-vis-total-visible-time-10552706_196=\"100\" data-gtm-vis-has-fired-10552706_196=\"1\" data-gtm-vis-recent-on-screen-10552706_217=\"1460060\" data-gtm-vis-first-on-screen-10552706_217=\"1460060\" data-gtm-vis-total-visible-time-10552706_217=\"100\" data-gtm-vis-has-fired-10552706_217=\"1\"><span>Prend en charge le codage AI \u00e0 canal complet<\/span><\/li>\n<li data-gtm-vis-has-fired-10552706_181=\"1\" data-gtm-vis-recent-on-screen-10552706_184=\"1460019\" data-gtm-vis-first-on-screen-10552706_184=\"1460019\" data-gtm-vis-total-visible-time-10552706_184=\"100\" data-gtm-vis-has-fired-10552706_184=\"1\" data-gtm-vis-recent-on-screen-10552706_192=\"1460027\" data-gtm-vis-first-on-screen-10552706_192=\"1460027\" data-gtm-vis-total-visible-time-10552706_192=\"100\" data-gtm-vis-has-fired-10552706_192=\"1\" data-gtm-vis-recent-on-screen-10552706_193=\"1460042\" data-gtm-vis-first-on-screen-10552706_193=\"1460042\" data-gtm-vis-total-visible-time-10552706_193=\"100\" data-gtm-vis-has-fired-10552706_193=\"1\" data-gtm-vis-recent-on-screen-10552706_194=\"1460048\" data-gtm-vis-first-on-screen-10552706_194=\"1460048\" data-gtm-vis-total-visible-time-10552706_194=\"100\" data-gtm-vis-has-fired-10552706_194=\"1\" data-gtm-vis-has-fired-10552706_195=\"1\" data-gtm-vis-recent-on-screen-10552706_196=\"1460054\" data-gtm-vis-first-on-screen-10552706_196=\"1460054\" data-gtm-vis-total-visible-time-10552706_196=\"100\" data-gtm-vis-has-fired-10552706_196=\"1\" data-gtm-vis-recent-on-screen-10552706_217=\"1460060\" data-gtm-vis-first-on-screen-10552706_217=\"1460060\" data-gtm-vis-total-visible-time-10552706_217=\"100\" data-gtm-vis-has-fired-10552706_217=\"1\"><span>Prend en charge les entr\u00e9es vid\u00e9o HDCVI\/AHD\/TVI\/CVBS\/IP<\/span><\/li>\n<li data-gtm-vis-has-fired-10552706_181=\"1\" data-gtm-vis-recent-on-screen-10552706_184=\"1460020\" data-gtm-vis-first-on-screen-10552706_184=\"1460020\" data-gtm-vis-total-visible-time-10552706_184=\"100\" data-gtm-vis-has-fired-10552706_184=\"1\" data-gtm-vis-recent-on-screen-10552706_192=\"1460034\" data-gtm-vis-first-on-screen-10552706_192=\"1460034\" data-gtm-vis-total-visible-time-10552706_192=\"100\" data-gtm-vis-has-fired-10552706_192=\"1\" data-gtm-vis-recent-on-screen-10552706_193=\"1460042\" data-gtm-vis-first-on-screen-10552706_193=\"1460042\" data-gtm-vis-total-visible-time-10552706_193=\"100\" data-gtm-vis-has-fired-10552706_193=\"1\" data-gtm-vis-recent-on-screen-10552706_194=\"1460049\" data-gtm-vis-first-on-screen-10552706_194=\"1460049\" data-gtm-vis-total-visible-time-10552706_194=\"100\" data-gtm-vis-has-fired-10552706_194=\"1\" data-gtm-vis-has-fired-10552706_195=\"1\" data-gtm-vis-recent-on-screen-10552706_196=\"1460055\" data-gtm-vis-first-on-screen-10552706_196=\"1460055\" data-gtm-vis-total-visible-time-10552706_196=\"100\" data-gtm-vis-has-fired-10552706_196=\"1\" data-gtm-vis-recent-on-screen-10552706_217=\"1460061\" data-gtm-vis-first-on-screen-10552706_217=\"1460061\" data-gtm-vis-total-visible-time-10552706_217=\"100\" data-gtm-vis-has-fired-10552706_217=\"1\"><span>Max 18 canaux d&rsquo;entr\u00e9es de cam\u00e9ra IP, chaque canal jusqu&rsquo;\u00e0 6MP\u00a0;\u00a0Bande passante entrante maximale de 64 Mbps<\/span><\/li>\n<li data-gtm-vis-has-fired-10552706_181=\"1\" data-gtm-vis-recent-on-screen-10552706_184=\"1460020\" data-gtm-vis-first-on-screen-10552706_184=\"1460020\" data-gtm-vis-total-visible-time-10552706_184=\"100\" data-gtm-vis-has-fired-10552706_184=\"1\" data-gtm-vis-recent-on-screen-10552706_192=\"1460035\" data-gtm-vis-first-on-screen-10552706_192=\"1460035\" data-gtm-vis-total-visible-time-10552706_192=\"100\" data-gtm-vis-has-fired-10552706_192=\"1\" data-gtm-vis-recent-on-screen-10552706_193=\"1460043\" data-gtm-vis-first-on-screen-10552706_193=\"1460043\" data-gtm-vis-total-visible-time-10552706_193=\"100\" data-gtm-vis-has-fired-10552706_193=\"1\" data-gtm-vis-recent-on-screen-10552706_194=\"1460049\" data-gtm-vis-first-on-screen-10552706_194=\"1460049\" data-gtm-vis-total-visible-time-10552706_194=\"100\" data-gtm-vis-has-fired-10552706_194=\"1\" data-gtm-vis-has-fired-10552706_195=\"1\" data-gtm-vis-recent-on-screen-10552706_196=\"1460055\" data-gtm-vis-first-on-screen-10552706_196=\"1460055\" data-gtm-vis-total-visible-time-10552706_196=\"100\" data-gtm-vis-has-fired-10552706_196=\"1\" data-gtm-vis-recent-on-screen-10552706_217=\"1460061\" data-gtm-vis-first-on-screen-10552706_217=\"1460061\" data-gtm-vis-total-visible-time-10552706_217=\"100\" data-gtm-vis-has-fired-10552706_217=\"1\"><span>Longue distance de transmission sur c\u00e2ble coaxial<\/span><\/li>\n<li data-gtm-vis-has-fired-10552706_181=\"1\" data-gtm-vis-recent-on-screen-10552706_184=\"1460021\" data-gtm-vis-first-on-screen-10552706_184=\"1460021\" data-gtm-vis-total-visible-time-10552706_184=\"100\" data-gtm-vis-has-fired-10552706_184=\"1\" data-gtm-vis-recent-on-screen-10552706_192=\"1460035\" data-gtm-vis-first-on-screen-10552706_192=\"1460035\" data-gtm-vis-total-visible-time-10552706_192=\"100\" data-gtm-vis-has-fired-10552706_192=\"1\" data-gtm-vis-recent-on-screen-10552706_193=\"1460043\" data-gtm-vis-first-on-screen-10552706_193=\"1460043\" data-gtm-vis-total-visible-time-10552706_193=\"100\" data-gtm-vis-has-fired-10552706_193=\"1\" data-gtm-vis-recent-on-screen-10552706_194=\"1460049\" data-gtm-vis-first-on-screen-10552706_194=\"1460049\" data-gtm-vis-total-visible-time-10552706_194=\"100\" data-gtm-vis-has-fired-10552706_194=\"1\" data-gtm-vis-has-fired-10552706_195=\"1\" data-gtm-vis-recent-on-screen-10552706_196=\"1460056\" data-gtm-vis-first-on-screen-10552706_196=\"1460056\" data-gtm-vis-total-visible-time-10552706_196=\"100\" data-gtm-vis-has-fired-10552706_196=\"1\" data-gtm-vis-recent-on-screen-10552706_217=\"1460062\" data-gtm-vis-first-on-screen-10552706_217=\"1460062\" data-gtm-vis-total-visible-time-10552706_217=\"100\" data-gtm-vis-has-fired-10552706_217=\"1\"><span>Flux vid\u00e9o jusqu&rsquo;\u00e0 8 canaux (canal analogique) SMD Plus<\/span><\/li>\n<\/ul>\n<\/div>\n","protected":false},"featured_media":2632,"template":"","meta":[],"product_cat":[129],"product_tag":[],"class_list":["post-2631","product","type-product","status-publish","has-post-thumbnail","hentry","product_cat-enregistreur-hdcvi"],"_links":{"self":[{"href":"https:\/\/chafiafood.com\/zakariatech\/wp-json\/wp\/v2\/product\/2631","targetHints":{"allow":["GET"]}}],"collection":[{"href":"https:\/\/chafiafood.com\/zakariatech\/wp-json\/wp\/v2\/product"}],"about":[{"href":"https:\/\/chafiafood.com\/zakariatech\/wp-json\/wp\/v2\/types\/product"}],"wp:featuredmedia":[{"embeddable":true,"href":"https:\/\/chafiafood.com\/zakariatech\/wp-json\/wp\/v2\/media\/2632"}],"wp:attachment":[{"href":"https:\/\/chafiafood.com\/zakariatech\/wp-json\/wp\/v2\/media?parent=2631"}],"wp:term":[{"taxonomy":"product_cat","embeddable":true,"href":"https:\/\/chafiafood.com\/zakariatech\/wp-json\/wp\/v2\/product_cat?post=2631"},{"taxonomy":"product_tag","embeddable":true,"href":"https:\/\/chafiafood.com\/zakariatech\/wp-json\/wp\/v2\/product_tag?post=2631"}],"curies":[{"name":"wp","href":"https:\/\/api.w.org\/{rel}","templated":true}]}}