{"id":2627,"date":"2023-03-22T13:24:08","date_gmt":"2023-03-22T13:24:08","guid":{"rendered":"https:\/\/chafiafood.com\/zakariatech\/?post_type=product&#038;p=2627"},"modified":"2023-03-22T13:25:23","modified_gmt":"2023-03-22T13:25:23","slug":"xvr7408l-4k-i3","status":"publish","type":"product","link":"https:\/\/chafiafood.com\/zakariatech\/product\/xvr7408l-4k-i3\/","title":{"rendered":"XVR7408L-4K-I3"},"content":{"rendered":"","protected":false},"excerpt":{"rendered":"<p class=\"text\" data-v-393df75a=\"\" data-gtm-vis-recent-on-screen-10552706_181=\"30812\" data-gtm-vis-first-on-screen-10552706_181=\"30812\" data-gtm-vis-total-visible-time-10552706_181=\"100\" data-gtm-vis-has-fired-10552706_181=\"1\" data-gtm-vis-recent-on-screen-10552706_184=\"30814\" data-gtm-vis-first-on-screen-10552706_184=\"30814\" data-gtm-vis-total-visible-time-10552706_184=\"100\" data-gtm-vis-has-fired-10552706_184=\"1\" data-gtm-vis-recent-on-screen-10552706_192=\"30815\" data-gtm-vis-first-on-screen-10552706_192=\"30815\" data-gtm-vis-total-visible-time-10552706_192=\"100\" data-gtm-vis-has-fired-10552706_192=\"1\" data-gtm-vis-recent-on-screen-10552706_193=\"30816\" data-gtm-vis-first-on-screen-10552706_193=\"30816\" data-gtm-vis-total-visible-time-10552706_193=\"100\" data-gtm-vis-has-fired-10552706_193=\"1\" data-gtm-vis-recent-on-screen-10552706_194=\"30816\" data-gtm-vis-first-on-screen-10552706_194=\"30816\" data-gtm-vis-total-visible-time-10552706_194=\"100\" data-gtm-vis-has-fired-10552706_194=\"1\" data-gtm-vis-recent-on-screen-10552706_195=\"30817\" data-gtm-vis-first-on-screen-10552706_195=\"30817\" data-gtm-vis-total-visible-time-10552706_195=\"100\" data-gtm-vis-has-fired-10552706_195=\"1\" data-gtm-vis-recent-on-screen-10552706_196=\"30831\" data-gtm-vis-first-on-screen-10552706_196=\"30831\" data-gtm-vis-total-visible-time-10552706_196=\"100\" data-gtm-vis-has-fired-10552706_196=\"1\" data-gtm-vis-recent-on-screen-10552706_217=\"30832\" data-gtm-vis-first-on-screen-10552706_217=\"30832\" data-gtm-vis-total-visible-time-10552706_217=\"100\" data-gtm-vis-has-fired-10552706_217=\"1\"><span>Enregistreur vid\u00e9o num\u00e9rique WizSense 8 canaux Penta-brid 4K 1.5U 4HDDs<\/span><\/p>\n<div data-v-393df75a=\"\">\n<ul>\n<li><span>Compression vid\u00e9o double flux H.265+\/H.265.<\/span><\/li>\n<li><span>Prend en charge le codage AI \u00e0 8 canaux.<\/span><\/li>\n<li><span>Prend en charge les entr\u00e9es vid\u00e9o HDCVI\/AHD\/TVI\/CVBS\/IP.<\/span><\/li>\n<li><span>Max 16 canaux d&rsquo;entr\u00e9es de cam\u00e9ra IP, chaque canal jusqu&rsquo;\u00e0 12MP ;\u00a0Bande passante entrante maximale de 128 Mbps.<\/span><\/li>\n<li><span>Protection p\u00e9rim\u00e9trique jusqu&rsquo;\u00e0 8 canaux de flux vid\u00e9o (canal analogique).<\/span><\/li>\n<li><span>\u00a0Jusqu&rsquo;\u00e0 8 canaux de flux vid\u00e9o (canal analogique) SMD plus.<\/span><\/li>\n<li><span>Jusqu&rsquo;\u00e0 2 canaux de flux vid\u00e9o (canal analogique) reconnaissance du visage humain.<\/span><\/li>\n<li><span>Fonctionnalit\u00e9s IoT &amp; POS.<\/span><\/li>\n<\/ul>\n<\/div>\n","protected":false},"featured_media":2628,"template":"","meta":[],"product_cat":[129],"product_tag":[],"class_list":["post-2627","product","type-product","status-publish","has-post-thumbnail","hentry","product_cat-enregistreur-hdcvi"],"_links":{"self":[{"href":"https:\/\/chafiafood.com\/zakariatech\/wp-json\/wp\/v2\/product\/2627","targetHints":{"allow":["GET"]}}],"collection":[{"href":"https:\/\/chafiafood.com\/zakariatech\/wp-json\/wp\/v2\/product"}],"about":[{"href":"https:\/\/chafiafood.com\/zakariatech\/wp-json\/wp\/v2\/types\/product"}],"wp:featuredmedia":[{"embeddable":true,"href":"https:\/\/chafiafood.com\/zakariatech\/wp-json\/wp\/v2\/media\/2628"}],"wp:attachment":[{"href":"https:\/\/chafiafood.com\/zakariatech\/wp-json\/wp\/v2\/media?parent=2627"}],"wp:term":[{"taxonomy":"product_cat","embeddable":true,"href":"https:\/\/chafiafood.com\/zakariatech\/wp-json\/wp\/v2\/product_cat?post=2627"},{"taxonomy":"product_tag","embeddable":true,"href":"https:\/\/chafiafood.com\/zakariatech\/wp-json\/wp\/v2\/product_tag?post=2627"}],"curies":[{"name":"wp","href":"https:\/\/api.w.org\/{rel}","templated":true}]}}