{"id":2625,"date":"2023-03-22T12:00:39","date_gmt":"2023-03-22T12:00:39","guid":{"rendered":"https:\/\/chafiafood.com\/zakariatech\/?post_type=product&#038;p=2625"},"modified":"2023-03-22T13:26:04","modified_gmt":"2023-03-22T13:26:04","slug":"xvr7808s-4k-i3","status":"publish","type":"product","link":"https:\/\/chafiafood.com\/zakariatech\/product\/xvr7808s-4k-i3\/","title":{"rendered":"XVR7808S-4K-I3"},"content":{"rendered":"","protected":false},"excerpt":{"rendered":"<p class=\"text\" data-v-393df75a=\"\" data-gtm-vis-recent-on-screen-10552706_181=\"23725\" data-gtm-vis-first-on-screen-10552706_181=\"23725\" data-gtm-vis-total-visible-time-10552706_181=\"100\" data-gtm-vis-has-fired-10552706_181=\"1\" data-gtm-vis-first-on-screen-10552706_184=\"23727\" data-gtm-vis-first-on-screen-10552706_192=\"23740\" data-gtm-vis-first-on-screen-10552706_193=\"23748\" data-gtm-vis-first-on-screen-10552706_194=\"23756\" data-gtm-vis-recent-on-screen-10552706_195=\"23760\" data-gtm-vis-first-on-screen-10552706_195=\"23760\" data-gtm-vis-total-visible-time-10552706_195=\"100\" data-gtm-vis-has-fired-10552706_195=\"1\" data-gtm-vis-first-on-screen-10552706_196=\"23761\" data-gtm-vis-first-on-screen-10552706_217=\"23765\" data-gtm-vis-recent-on-screen-10552706_192=\"28148\" data-gtm-vis-total-visible-time-10552706_192=\"100\" data-gtm-vis-has-fired-10552706_192=\"1\" data-gtm-vis-recent-on-screen-10552706_193=\"28150\" data-gtm-vis-total-visible-time-10552706_193=\"100\" data-gtm-vis-has-fired-10552706_193=\"1\" data-gtm-vis-recent-on-screen-10552706_194=\"28151\" data-gtm-vis-total-visible-time-10552706_194=\"100\" data-gtm-vis-has-fired-10552706_194=\"1\" data-gtm-vis-recent-on-screen-10552706_217=\"28152\" data-gtm-vis-total-visible-time-10552706_217=\"100\" data-gtm-vis-has-fired-10552706_217=\"1\" data-gtm-vis-recent-on-screen-10552706_196=\"28153\" data-gtm-vis-total-visible-time-10552706_196=\"100\" data-gtm-vis-has-fired-10552706_196=\"1\" data-gtm-vis-recent-on-screen-10552706_184=\"28154\" data-gtm-vis-total-visible-time-10552706_184=\"100\" data-gtm-vis-has-fired-10552706_184=\"1\">Enregistreur vid\u00e9o num\u00e9rique WizSense 8 canaux Penta-brid 4K 2U 8HDDs<\/p>\n<div data-v-393df75a=\"\">\n<ul>\n<li data-gtm-vis-has-fired-10552706_181=\"1\" data-gtm-vis-first-on-screen-10552706_184=\"23731\" data-gtm-vis-first-on-screen-10552706_192=\"23741\" data-gtm-vis-first-on-screen-10552706_193=\"23748\" data-gtm-vis-first-on-screen-10552706_194=\"23756\" data-gtm-vis-has-fired-10552706_195=\"1\" data-gtm-vis-first-on-screen-10552706_196=\"23761\" data-gtm-vis-first-on-screen-10552706_217=\"23766\" data-gtm-vis-recent-on-screen-10552706_192=\"28149\" data-gtm-vis-total-visible-time-10552706_192=\"100\" data-gtm-vis-has-fired-10552706_192=\"1\" data-gtm-vis-recent-on-screen-10552706_193=\"28150\" data-gtm-vis-total-visible-time-10552706_193=\"100\" data-gtm-vis-has-fired-10552706_193=\"1\" data-gtm-vis-recent-on-screen-10552706_194=\"28151\" data-gtm-vis-total-visible-time-10552706_194=\"100\" data-gtm-vis-has-fired-10552706_194=\"1\" data-gtm-vis-recent-on-screen-10552706_217=\"28152\" data-gtm-vis-total-visible-time-10552706_217=\"100\" data-gtm-vis-has-fired-10552706_217=\"1\" data-gtm-vis-recent-on-screen-10552706_196=\"28153\" data-gtm-vis-total-visible-time-10552706_196=\"100\" data-gtm-vis-has-fired-10552706_196=\"1\" data-gtm-vis-recent-on-screen-10552706_184=\"28154\" data-gtm-vis-total-visible-time-10552706_184=\"100\" data-gtm-vis-has-fired-10552706_184=\"1\">Compression vid\u00e9o double flux H.265+\/H.265.<\/li>\n<li data-gtm-vis-has-fired-10552706_181=\"1\" data-gtm-vis-first-on-screen-10552706_184=\"23732\" data-gtm-vis-first-on-screen-10552706_192=\"23742\" data-gtm-vis-first-on-screen-10552706_193=\"23749\" data-gtm-vis-first-on-screen-10552706_194=\"23757\" data-gtm-vis-has-fired-10552706_195=\"1\" data-gtm-vis-first-on-screen-10552706_196=\"23761\" data-gtm-vis-first-on-screen-10552706_217=\"23766\" data-gtm-vis-recent-on-screen-10552706_192=\"28149\" data-gtm-vis-total-visible-time-10552706_192=\"100\" data-gtm-vis-has-fired-10552706_192=\"1\" data-gtm-vis-recent-on-screen-10552706_193=\"28150\" data-gtm-vis-total-visible-time-10552706_193=\"100\" data-gtm-vis-has-fired-10552706_193=\"1\" data-gtm-vis-recent-on-screen-10552706_194=\"28151\" data-gtm-vis-total-visible-time-10552706_194=\"100\" data-gtm-vis-has-fired-10552706_194=\"1\" data-gtm-vis-recent-on-screen-10552706_217=\"28152\" data-gtm-vis-total-visible-time-10552706_217=\"100\" data-gtm-vis-has-fired-10552706_217=\"1\" data-gtm-vis-recent-on-screen-10552706_196=\"28153\" data-gtm-vis-total-visible-time-10552706_196=\"100\" data-gtm-vis-has-fired-10552706_196=\"1\" data-gtm-vis-recent-on-screen-10552706_184=\"28154\" data-gtm-vis-total-visible-time-10552706_184=\"100\" data-gtm-vis-has-fired-10552706_184=\"1\">Prend en charge le codage AI \u00e0 8 canaux.<\/li>\n<li data-gtm-vis-has-fired-10552706_181=\"1\" data-gtm-vis-first-on-screen-10552706_184=\"23732\" data-gtm-vis-first-on-screen-10552706_192=\"23742\" data-gtm-vis-first-on-screen-10552706_193=\"23750\" data-gtm-vis-first-on-screen-10552706_194=\"23757\" data-gtm-vis-has-fired-10552706_195=\"1\" data-gtm-vis-first-on-screen-10552706_196=\"23762\" data-gtm-vis-first-on-screen-10552706_217=\"23767\" data-gtm-vis-recent-on-screen-10552706_192=\"28149\" data-gtm-vis-total-visible-time-10552706_192=\"100\" data-gtm-vis-has-fired-10552706_192=\"1\" data-gtm-vis-recent-on-screen-10552706_193=\"28150\" data-gtm-vis-total-visible-time-10552706_193=\"100\" data-gtm-vis-has-fired-10552706_193=\"1\" data-gtm-vis-recent-on-screen-10552706_194=\"28151\" data-gtm-vis-total-visible-time-10552706_194=\"100\" data-gtm-vis-has-fired-10552706_194=\"1\" data-gtm-vis-recent-on-screen-10552706_217=\"28153\" data-gtm-vis-total-visible-time-10552706_217=\"100\" data-gtm-vis-has-fired-10552706_217=\"1\" data-gtm-vis-recent-on-screen-10552706_196=\"28154\" data-gtm-vis-total-visible-time-10552706_196=\"100\" data-gtm-vis-has-fired-10552706_196=\"1\" data-gtm-vis-recent-on-screen-10552706_184=\"28155\" data-gtm-vis-total-visible-time-10552706_184=\"100\" data-gtm-vis-has-fired-10552706_184=\"1\">Prend en charge les entr\u00e9es vid\u00e9o HDCVI\/AHD\/TVI\/CVBS\/IP.<\/li>\n<li data-gtm-vis-has-fired-10552706_181=\"1\" data-gtm-vis-first-on-screen-10552706_184=\"23733\" data-gtm-vis-first-on-screen-10552706_192=\"23743\" data-gtm-vis-first-on-screen-10552706_193=\"23750\" data-gtm-vis-first-on-screen-10552706_194=\"23757\" data-gtm-vis-has-fired-10552706_195=\"1\" data-gtm-vis-first-on-screen-10552706_196=\"23762\" data-gtm-vis-first-on-screen-10552706_217=\"23768\" data-gtm-vis-recent-on-screen-10552706_192=\"28134\" data-gtm-vis-total-visible-time-10552706_192=\"100\" data-gtm-vis-has-fired-10552706_192=\"1\" data-gtm-vis-recent-on-screen-10552706_196=\"28136\" data-gtm-vis-total-visible-time-10552706_196=\"100\" data-gtm-vis-has-fired-10552706_196=\"1\" data-gtm-vis-recent-on-screen-10552706_194=\"28138\" data-gtm-vis-total-visible-time-10552706_194=\"100\" data-gtm-vis-has-fired-10552706_194=\"1\" data-gtm-vis-recent-on-screen-10552706_217=\"28139\" data-gtm-vis-total-visible-time-10552706_217=\"100\" data-gtm-vis-has-fired-10552706_217=\"1\" data-gtm-vis-recent-on-screen-10552706_184=\"28141\" data-gtm-vis-total-visible-time-10552706_184=\"100\" data-gtm-vis-has-fired-10552706_184=\"1\" data-gtm-vis-recent-on-screen-10552706_193=\"28144\" data-gtm-vis-total-visible-time-10552706_193=\"100\" data-gtm-vis-has-fired-10552706_193=\"1\">Max 16 canaux d&rsquo;entr\u00e9es de cam\u00e9ra IP, chaque canal jusqu&rsquo;\u00e0 12MP ;\u00a0Bande passante entrante maximale de 128 Mbps.<\/li>\n<li data-gtm-vis-has-fired-10552706_181=\"1\" data-gtm-vis-first-on-screen-10552706_184=\"23734\" data-gtm-vis-first-on-screen-10552706_192=\"23744\" data-gtm-vis-first-on-screen-10552706_193=\"23751\" data-gtm-vis-first-on-screen-10552706_194=\"23758\" data-gtm-vis-has-fired-10552706_195=\"1\" data-gtm-vis-first-on-screen-10552706_196=\"23762\" data-gtm-vis-first-on-screen-10552706_217=\"23769\" data-gtm-vis-recent-on-screen-10552706_192=\"28135\" data-gtm-vis-total-visible-time-10552706_192=\"100\" data-gtm-vis-has-fired-10552706_192=\"1\" data-gtm-vis-recent-on-screen-10552706_196=\"28136\" data-gtm-vis-total-visible-time-10552706_196=\"100\" data-gtm-vis-has-fired-10552706_196=\"1\" data-gtm-vis-recent-on-screen-10552706_194=\"28138\" data-gtm-vis-total-visible-time-10552706_194=\"100\" data-gtm-vis-has-fired-10552706_194=\"1\" data-gtm-vis-recent-on-screen-10552706_217=\"28140\" data-gtm-vis-total-visible-time-10552706_217=\"100\" data-gtm-vis-has-fired-10552706_217=\"1\" data-gtm-vis-recent-on-screen-10552706_184=\"28142\" data-gtm-vis-total-visible-time-10552706_184=\"100\" data-gtm-vis-has-fired-10552706_184=\"1\" data-gtm-vis-recent-on-screen-10552706_193=\"28144\" data-gtm-vis-total-visible-time-10552706_193=\"100\" data-gtm-vis-has-fired-10552706_193=\"1\">Protection p\u00e9rim\u00e9trique jusqu&rsquo;\u00e0 8 canaux de flux vid\u00e9o (canal analogique).<\/li>\n<li data-gtm-vis-has-fired-10552706_181=\"1\" data-gtm-vis-first-on-screen-10552706_184=\"23734\" data-gtm-vis-first-on-screen-10552706_192=\"23744\" data-gtm-vis-first-on-screen-10552706_193=\"23752\" data-gtm-vis-first-on-screen-10552706_194=\"23758\" data-gtm-vis-has-fired-10552706_195=\"1\" data-gtm-vis-first-on-screen-10552706_196=\"23763\" data-gtm-vis-first-on-screen-10552706_217=\"23769\" data-gtm-vis-recent-on-screen-10552706_192=\"28135\" data-gtm-vis-total-visible-time-10552706_192=\"100\" data-gtm-vis-has-fired-10552706_192=\"1\" data-gtm-vis-recent-on-screen-10552706_196=\"28137\" data-gtm-vis-total-visible-time-10552706_196=\"100\" data-gtm-vis-has-fired-10552706_196=\"1\" data-gtm-vis-recent-on-screen-10552706_194=\"28138\" data-gtm-vis-total-visible-time-10552706_194=\"100\" data-gtm-vis-has-fired-10552706_194=\"1\" data-gtm-vis-recent-on-screen-10552706_217=\"28140\" data-gtm-vis-total-visible-time-10552706_217=\"100\" data-gtm-vis-has-fired-10552706_217=\"1\" data-gtm-vis-recent-on-screen-10552706_184=\"28142\" data-gtm-vis-total-visible-time-10552706_184=\"100\" data-gtm-vis-has-fired-10552706_184=\"1\" data-gtm-vis-recent-on-screen-10552706_193=\"28144\" data-gtm-vis-total-visible-time-10552706_193=\"100\" data-gtm-vis-has-fired-10552706_193=\"1\">Jusqu&rsquo;\u00e0 8 canaux de flux vid\u00e9o (canal analogique) SMD plus.<\/li>\n<li data-gtm-vis-has-fired-10552706_181=\"1\" data-gtm-vis-first-on-screen-10552706_184=\"23735\" data-gtm-vis-first-on-screen-10552706_192=\"23745\" data-gtm-vis-first-on-screen-10552706_193=\"23752\" data-gtm-vis-first-on-screen-10552706_194=\"23758\" data-gtm-vis-has-fired-10552706_195=\"1\" data-gtm-vis-first-on-screen-10552706_196=\"23763\" data-gtm-vis-first-on-screen-10552706_217=\"23769\" data-gtm-vis-recent-on-screen-10552706_192=\"28135\" data-gtm-vis-total-visible-time-10552706_192=\"100\" data-gtm-vis-has-fired-10552706_192=\"1\" data-gtm-vis-recent-on-screen-10552706_196=\"28137\" data-gtm-vis-total-visible-time-10552706_196=\"100\" data-gtm-vis-has-fired-10552706_196=\"1\" data-gtm-vis-recent-on-screen-10552706_194=\"28139\" data-gtm-vis-total-visible-time-10552706_194=\"100\" data-gtm-vis-has-fired-10552706_194=\"1\" data-gtm-vis-recent-on-screen-10552706_217=\"28140\" data-gtm-vis-total-visible-time-10552706_217=\"100\" data-gtm-vis-has-fired-10552706_217=\"1\" data-gtm-vis-recent-on-screen-10552706_184=\"28143\" data-gtm-vis-total-visible-time-10552706_184=\"100\" data-gtm-vis-has-fired-10552706_184=\"1\" data-gtm-vis-recent-on-screen-10552706_193=\"28145\" data-gtm-vis-total-visible-time-10552706_193=\"100\" data-gtm-vis-has-fired-10552706_193=\"1\">Jusqu&rsquo;\u00e0 2 canaux de flux vid\u00e9o (canal analogique) reconnaissance du visage humain.<\/li>\n<li data-gtm-vis-has-fired-10552706_181=\"1\" data-gtm-vis-first-on-screen-10552706_184=\"23735\" data-gtm-vis-first-on-screen-10552706_192=\"23746\" data-gtm-vis-first-on-screen-10552706_193=\"23753\" data-gtm-vis-first-on-screen-10552706_194=\"23759\" data-gtm-vis-has-fired-10552706_195=\"1\" data-gtm-vis-first-on-screen-10552706_196=\"23764\" data-gtm-vis-first-on-screen-10552706_217=\"23770\" data-gtm-vis-recent-on-screen-10552706_192=\"28135\" data-gtm-vis-total-visible-time-10552706_192=\"100\" data-gtm-vis-has-fired-10552706_192=\"1\" data-gtm-vis-recent-on-screen-10552706_196=\"28137\" data-gtm-vis-total-visible-time-10552706_196=\"100\" data-gtm-vis-has-fired-10552706_196=\"1\" data-gtm-vis-recent-on-screen-10552706_194=\"28139\" data-gtm-vis-total-visible-time-10552706_194=\"100\" data-gtm-vis-has-fired-10552706_194=\"1\" data-gtm-vis-recent-on-screen-10552706_217=\"28141\" data-gtm-vis-total-visible-time-10552706_217=\"100\" data-gtm-vis-has-fired-10552706_217=\"1\" data-gtm-vis-recent-on-screen-10552706_184=\"28143\" data-gtm-vis-total-visible-time-10552706_184=\"100\" data-gtm-vis-has-fired-10552706_184=\"1\" data-gtm-vis-recent-on-screen-10552706_193=\"28145\" data-gtm-vis-total-visible-time-10552706_193=\"100\" data-gtm-vis-has-fired-10552706_193=\"1\">Fonctionnalit\u00e9s IoT &amp; POS.<\/li>\n<\/ul>\n<\/div>\n","protected":false},"featured_media":2626,"template":"","meta":[],"product_cat":[129],"product_tag":[],"class_list":["post-2625","product","type-product","status-publish","has-post-thumbnail","hentry","product_cat-enregistreur-hdcvi"],"_links":{"self":[{"href":"https:\/\/chafiafood.com\/zakariatech\/wp-json\/wp\/v2\/product\/2625","targetHints":{"allow":["GET"]}}],"collection":[{"href":"https:\/\/chafiafood.com\/zakariatech\/wp-json\/wp\/v2\/product"}],"about":[{"href":"https:\/\/chafiafood.com\/zakariatech\/wp-json\/wp\/v2\/types\/product"}],"wp:featuredmedia":[{"embeddable":true,"href":"https:\/\/chafiafood.com\/zakariatech\/wp-json\/wp\/v2\/media\/2626"}],"wp:attachment":[{"href":"https:\/\/chafiafood.com\/zakariatech\/wp-json\/wp\/v2\/media?parent=2625"}],"wp:term":[{"taxonomy":"product_cat","embeddable":true,"href":"https:\/\/chafiafood.com\/zakariatech\/wp-json\/wp\/v2\/product_cat?post=2625"},{"taxonomy":"product_tag","embeddable":true,"href":"https:\/\/chafiafood.com\/zakariatech\/wp-json\/wp\/v2\/product_tag?post=2625"}],"curies":[{"name":"wp","href":"https:\/\/api.w.org\/{rel}","templated":true}]}}